{"id":1177,"date":"2024-03-26T11:36:57","date_gmt":"2024-03-26T10:36:57","guid":{"rendered":"http:\/\/ztlbgcj.cluster028.hosting.ovh.net\/?page_id=1177"},"modified":"2025-09-09T15:30:03","modified_gmt":"2025-09-09T13:30:03","slug":"baes","status":"publish","type":"page","link":"https:\/\/roujonlaurent.fr\/index.php\/nos-services\/baes\/","title":{"rendered":"BAES"},"content":{"rendered":"\t\t<div data-elementor-type=\"wp-page\" data-elementor-id=\"1177\" class=\"elementor elementor-1177\">\n\t\t\t\t<div class=\"elementor-element elementor-element-f394b30 e-flex e-con-boxed e-con e-parent\" data-id=\"f394b30\" data-element_type=\"container\">\n\t\t\t\t\t<div class=\"e-con-inner\">\n\t\t\t\t<div class=\"elementor-element elementor-element-5fefcee elementor-invisible elementor-widget elementor-widget-heading\" data-id=\"5fefcee\" data-element_type=\"widget\" data-settings=\"{&quot;_animation&quot;:&quot;fadeIn&quot;}\" data-widget_type=\"heading.default\">\n\t\t\t\t<div class=\"elementor-widget-container\">\n\t\t\t\t\t<h2 class=\"elementor-heading-title elementor-size-default\">Bloc Autonome d'Eclairage de S\u00e9curit\u00e9 (BAES)<\/h2>\t\t\t\t<\/div>\n\t\t\t\t<\/div>\n\t\t\t\t\t<\/div>\n\t\t\t\t<\/div>\n\t\t<div class=\"elementor-element elementor-element-ac425f7 e-flex e-con-boxed e-con e-parent\" data-id=\"ac425f7\" data-element_type=\"container\">\n\t\t\t\t\t<div class=\"e-con-inner\">\n\t\t\t\t<div class=\"elementor-element elementor-element-db4825c elementor-widget elementor-widget-spacer\" data-id=\"db4825c\" data-element_type=\"widget\" data-widget_type=\"spacer.default\">\n\t\t\t\t<div class=\"elementor-widget-container\">\n\t\t\t\t\t\t\t<div class=\"elementor-spacer\">\n\t\t\t<div class=\"elementor-spacer-inner\"><\/div>\n\t\t<\/div>\n\t\t\t\t\t\t<\/div>\n\t\t\t\t<\/div>\n\t\t\t\t\t<\/div>\n\t\t\t\t<\/div>\n\t\t<div class=\"elementor-element elementor-element-794d8a2 e-con-full animated-slow e-flex elementor-invisible e-con e-parent\" data-id=\"794d8a2\" data-element_type=\"container\" data-settings=\"{&quot;animation&quot;:&quot;fadeInUp&quot;,&quot;background_background&quot;:&quot;gradient&quot;}\">\n\t\t<div class=\"elementor-element elementor-element-fdb5191 e-con-full e-flex e-con e-child\" data-id=\"fdb5191\" data-element_type=\"container\">\n\t\t\t\t<div class=\"elementor-element elementor-element-666883f elementor-invisible elementor-widget elementor-widget-image\" data-id=\"666883f\" data-element_type=\"widget\" data-settings=\"{&quot;_animation&quot;:&quot;fadeInLeft&quot;}\" data-widget_type=\"image.default\">\n\t\t\t\t<div class=\"elementor-widget-container\">\n\t\t\t\t\t\t\t\t\t\t\t\t\t\t\t<img fetchpriority=\"high\" decoding=\"async\" width=\"1024\" height=\"462\" src=\"https:\/\/roujonlaurent.fr\/wp-content\/uploads\/2024\/06\/BAES-scaled-e1717511076896-1024x462.jpg\" class=\"attachment-large size-large wp-image-2442\" alt=\"\" srcset=\"https:\/\/roujonlaurent.fr\/wp-content\/uploads\/2024\/06\/BAES-scaled-e1717511076896-1024x462.jpg 1024w, https:\/\/roujonlaurent.fr\/wp-content\/uploads\/2024\/06\/BAES-scaled-e1717511076896-300x135.jpg 300w, https:\/\/roujonlaurent.fr\/wp-content\/uploads\/2024\/06\/BAES-scaled-e1717511076896-768x347.jpg 768w, https:\/\/roujonlaurent.fr\/wp-content\/uploads\/2024\/06\/BAES-scaled-e1717511076896-1536x694.jpg 1536w, https:\/\/roujonlaurent.fr\/wp-content\/uploads\/2024\/06\/BAES-scaled-e1717511076896-2048x925.jpg 2048w\" sizes=\"(max-width: 1024px) 100vw, 1024px\" \/>\t\t\t\t\t\t\t\t\t\t\t\t\t\t\t<\/div>\n\t\t\t\t<\/div>\n\t\t\t\t<\/div>\n\t\t<div class=\"elementor-element elementor-element-2e4e0f5 e-con-full e-flex elementor-invisible e-con e-child\" data-id=\"2e4e0f5\" data-element_type=\"container\" data-settings=\"{&quot;animation&quot;:&quot;fadeInRight&quot;}\">\n\t\t\t\t<div class=\"elementor-element elementor-element-c3f8bf4 elementor-widget elementor-widget-heading\" data-id=\"c3f8bf4\" data-element_type=\"widget\" data-widget_type=\"heading.default\">\n\t\t\t\t<div class=\"elementor-widget-container\">\n\t\t\t\t\t<h2 class=\"elementor-heading-title elementor-size-default\">Le service de Blocs Autonomes d'Eclairage de S\u00e9curit\u00e9 (BAES) fournit une solution d'\u00e9clairage de secours autonome dans les b\u00e2timents pour assurer la s\u00e9curit\u00e9 des occupants en cas de coupure de courant.<br>Ces dispositifs sont \u00e9quip\u00e9s de batteries rechargeables qui prennent le relais en cas d'urgence, fournissant une source de lumi\u00e8re pour permettre une \u00e9vacuation s\u00e9curis\u00e9e.<br>Ils sont install\u00e9s dans des endroits strat\u00e9giques tels que les couloirs, les escaliers et les sorties de secours, et sont r\u00e9glement\u00e9s par des normes de s\u00e9curit\u00e9 pour garantir leur efficacit\u00e9.<\/h2>\t\t\t\t<\/div>\n\t\t\t\t<\/div>\n\t\t\t\t<div class=\"elementor-element elementor-element-435ba2c elementor-align-left e-transform elementor-widget elementor-widget-button\" data-id=\"435ba2c\" data-element_type=\"widget\" data-settings=\"{&quot;_transform_scale_effect_hover&quot;:{&quot;unit&quot;:&quot;px&quot;,&quot;size&quot;:0.9,&quot;sizes&quot;:[]},&quot;_transform_scale_effect_hover_tablet&quot;:{&quot;unit&quot;:&quot;px&quot;,&quot;size&quot;:&quot;&quot;,&quot;sizes&quot;:[]},&quot;_transform_scale_effect_hover_mobile&quot;:{&quot;unit&quot;:&quot;px&quot;,&quot;size&quot;:&quot;&quot;,&quot;sizes&quot;:[]}}\" data-widget_type=\"button.default\">\n\t\t\t\t<div class=\"elementor-widget-container\">\n\t\t\t\t\t\t\t\t\t<div class=\"elementor-button-wrapper\">\n\t\t\t\t\t<a class=\"elementor-button elementor-button-link elementor-size-sm\" href=\"http:\/\/ztlbgcj.cluster028.hosting.ovh.net\/index.php\/contact\/\">\n\t\t\t\t\t\t<span class=\"elementor-button-content-wrapper\">\n\t\t\t\t\t\t<span class=\"elementor-button-icon\">\n\t\t\t\t<svg aria-hidden=\"true\" class=\"e-font-icon-svg e-fas-mail-bulk\" viewBox=\"0 0 576 512\" xmlns=\"http:\/\/www.w3.org\/2000\/svg\"><path d=\"M160 448c-25.6 0-51.2-22.4-64-32-64-44.8-83.2-60.8-96-70.4V480c0 17.67 14.33 32 32 32h256c17.67 0 32-14.33 32-32V345.6c-12.8 9.6-32 25.6-96 70.4-12.8 9.6-38.4 32-64 32zm128-192H32c-17.67 0-32 14.33-32 32v16c25.6 19.2 22.4 19.2 115.2 86.4 9.6 6.4 28.8 25.6 44.8 25.6s35.2-19.2 44.8-22.4c92.8-67.2 89.6-67.2 115.2-86.4V288c0-17.67-14.33-32-32-32zm256-96H224c-17.67 0-32 14.33-32 32v32h96c33.21 0 60.59 25.42 63.71 57.82l.29-.22V416h192c17.67 0 32-14.33 32-32V192c0-17.67-14.33-32-32-32zm-32 128h-64v-64h64v64zm-352-96c0-35.29 28.71-64 64-64h224V32c0-17.67-14.33-32-32-32H96C78.33 0 64 14.33 64 32v192h96v-32z\"><\/path><\/svg>\t\t\t<\/span>\n\t\t\t\t\t\t\t\t\t<span class=\"elementor-button-text\">Nous contacter<\/span>\n\t\t\t\t\t<\/span>\n\t\t\t\t\t<\/a>\n\t\t\t\t<\/div>\n\t\t\t\t\t\t\t\t<\/div>\n\t\t\t\t<\/div>\n\t\t\t\t<\/div>\n\t\t\t\t<\/div>\n\t\t<div class=\"elementor-element elementor-element-44fcd9f e-flex e-con-boxed e-con e-parent\" data-id=\"44fcd9f\" data-element_type=\"container\">\n\t\t\t\t\t<div class=\"e-con-inner\">\n\t\t\t\t<div class=\"elementor-element elementor-element-d8b7a9f elementor-widget elementor-widget-spacer\" data-id=\"d8b7a9f\" data-element_type=\"widget\" data-widget_type=\"spacer.default\">\n\t\t\t\t<div class=\"elementor-widget-container\">\n\t\t\t\t\t\t\t<div class=\"elementor-spacer\">\n\t\t\t<div class=\"elementor-spacer-inner\"><\/div>\n\t\t<\/div>\n\t\t\t\t\t\t<\/div>\n\t\t\t\t<\/div>\n\t\t\t\t\t<\/div>\n\t\t\t\t<\/div>\n\t\t\t\t<\/div>\n\t\t","protected":false},"excerpt":{"rendered":"<p>Bloc Autonome d&rsquo;Eclairage de S\u00e9curit\u00e9 (BAES) Le service de Blocs Autonomes d&rsquo;Eclairage de S\u00e9curit\u00e9 (BAES) fournit une solution d&rsquo;\u00e9clairage de secours autonome dans les b\u00e2timents pour assurer la s\u00e9curit\u00e9 des occupants en cas de coupure de courant.Ces dispositifs sont \u00e9quip\u00e9s de batteries rechargeables qui prennent le relais en cas d&rsquo;urgence, fournissant une source de lumi\u00e8re [&hellip;]<\/p>\n","protected":false},"author":1,"featured_media":0,"parent":439,"menu_order":0,"comment_status":"closed","ping_status":"closed","template":"","meta":{"ocean_post_layout":"","ocean_both_sidebars_style":"","ocean_both_sidebars_content_width":0,"ocean_both_sidebars_sidebars_width":0,"ocean_sidebar":"","ocean_second_sidebar":"","ocean_disable_margins":"enable","ocean_add_body_class":"","ocean_shortcode_before_top_bar":"","ocean_shortcode_after_top_bar":"","ocean_shortcode_before_header":"","ocean_shortcode_after_header":"","ocean_has_shortcode":"","ocean_shortcode_after_title":"","ocean_shortcode_before_footer_widgets":"","ocean_shortcode_after_footer_widgets":"","ocean_shortcode_before_footer_bottom":"","ocean_shortcode_after_footer_bottom":"","ocean_display_top_bar":"default","ocean_display_header":"default","ocean_header_style":"","ocean_center_header_left_menu":"","ocean_custom_header_template":"","ocean_custom_logo":0,"ocean_custom_retina_logo":0,"ocean_custom_logo_max_width":0,"ocean_custom_logo_tablet_max_width":0,"ocean_custom_logo_mobile_max_width":0,"ocean_custom_logo_max_height":0,"ocean_custom_logo_tablet_max_height":0,"ocean_custom_logo_mobile_max_height":0,"ocean_header_custom_menu":"","ocean_menu_typo_font_family":"","ocean_menu_typo_font_subset":"","ocean_menu_typo_font_size":0,"ocean_menu_typo_font_size_tablet":0,"ocean_menu_typo_font_size_mobile":0,"ocean_menu_typo_font_size_unit":"px","ocean_menu_typo_font_weight":"","ocean_menu_typo_font_weight_tablet":"","ocean_menu_typo_font_weight_mobile":"","ocean_menu_typo_transform":"","ocean_menu_typo_transform_tablet":"","ocean_menu_typo_transform_mobile":"","ocean_menu_typo_line_height":0,"ocean_menu_typo_line_height_tablet":0,"ocean_menu_typo_line_height_mobile":0,"ocean_menu_typo_line_height_unit":"","ocean_menu_typo_spacing":0,"ocean_menu_typo_spacing_tablet":0,"ocean_menu_typo_spacing_mobile":0,"ocean_menu_typo_spacing_unit":"","ocean_menu_link_color":"","ocean_menu_link_color_hover":"","ocean_menu_link_color_active":"","ocean_menu_link_background":"","ocean_menu_link_hover_background":"","ocean_menu_link_active_background":"","ocean_menu_social_links_bg":"","ocean_menu_social_hover_links_bg":"","ocean_menu_social_links_color":"","ocean_menu_social_hover_links_color":"","ocean_disable_title":"default","ocean_disable_heading":"default","ocean_post_title":"","ocean_post_subheading":"","ocean_post_title_style":"","ocean_post_title_background_color":"","ocean_post_title_background":0,"ocean_post_title_bg_image_position":"","ocean_post_title_bg_image_attachment":"","ocean_post_title_bg_image_repeat":"","ocean_post_title_bg_image_size":"","ocean_post_title_height":0,"ocean_post_title_bg_overlay":0.5,"ocean_post_title_bg_overlay_color":"","ocean_disable_breadcrumbs":"default","ocean_breadcrumbs_color":"","ocean_breadcrumbs_separator_color":"","ocean_breadcrumbs_links_color":"","ocean_breadcrumbs_links_hover_color":"","ocean_display_footer_widgets":"default","ocean_display_footer_bottom":"default","ocean_custom_footer_template":"","footnotes":""},"class_list":["post-1177","page","type-page","status-publish","hentry","entry"],"yoast_head":"<!-- This site is optimized with the Yoast SEO plugin v25.9 - https:\/\/yoast.com\/wordpress\/plugins\/seo\/ -->\n<title>BAES - SARL ROUJON LAURENT<\/title>\n<meta name=\"robots\" content=\"index, follow, max-snippet:-1, max-image-preview:large, max-video-preview:-1\" \/>\n<link rel=\"canonical\" href=\"https:\/\/roujonlaurent.fr\/index.php\/nos-services\/baes\/\" \/>\n<meta property=\"og:locale\" content=\"fr_FR\" \/>\n<meta property=\"og:type\" content=\"article\" \/>\n<meta property=\"og:title\" content=\"BAES - SARL ROUJON LAURENT\" \/>\n<meta property=\"og:description\" content=\"Bloc Autonome d&rsquo;Eclairage de S\u00e9curit\u00e9 (BAES) Le service de Blocs Autonomes d&rsquo;Eclairage de S\u00e9curit\u00e9 (BAES) fournit une solution d&rsquo;\u00e9clairage de secours autonome dans les b\u00e2timents pour assurer la s\u00e9curit\u00e9 des occupants en cas de coupure de courant.Ces dispositifs sont \u00e9quip\u00e9s de batteries rechargeables qui prennent le relais en cas d&rsquo;urgence, fournissant une source de lumi\u00e8re [&hellip;]\" \/>\n<meta property=\"og:url\" content=\"https:\/\/roujonlaurent.fr\/index.php\/nos-services\/baes\/\" \/>\n<meta property=\"og:site_name\" content=\"SARL ROUJON LAURENT\" \/>\n<meta property=\"article:publisher\" content=\"https:\/\/www.facebook.com\/people\/SARL-Roujon-Laurent\/100064160823756\/\" \/>\n<meta property=\"article:modified_time\" content=\"2025-09-09T13:30:03+00:00\" \/>\n<meta property=\"og:image\" content=\"https:\/\/roujonlaurent.fr\/wp-content\/uploads\/2024\/06\/BAES-scaled-e1717511076896-1024x462.jpg\" \/>\n<meta name=\"twitter:card\" content=\"summary_large_image\" \/>\n<meta name=\"twitter:label1\" content=\"Dur\u00e9e de lecture estim\u00e9e\" \/>\n\t<meta name=\"twitter:data1\" content=\"1 minute\" \/>\n<script type=\"application\/ld+json\" class=\"yoast-schema-graph\">{\"@context\":\"https:\/\/schema.org\",\"@graph\":[{\"@type\":\"WebPage\",\"@id\":\"https:\/\/roujonlaurent.fr\/index.php\/nos-services\/baes\/\",\"url\":\"https:\/\/roujonlaurent.fr\/index.php\/nos-services\/baes\/\",\"name\":\"BAES - SARL ROUJON LAURENT\",\"isPartOf\":{\"@id\":\"https:\/\/roujonlaurent.fr\/#website\"},\"primaryImageOfPage\":{\"@id\":\"https:\/\/roujonlaurent.fr\/index.php\/nos-services\/baes\/#primaryimage\"},\"image\":{\"@id\":\"https:\/\/roujonlaurent.fr\/index.php\/nos-services\/baes\/#primaryimage\"},\"thumbnailUrl\":\"https:\/\/roujonlaurent.fr\/wp-content\/uploads\/2024\/06\/BAES-scaled-e1717511076896-1024x462.jpg\",\"datePublished\":\"2024-03-26T10:36:57+00:00\",\"dateModified\":\"2025-09-09T13:30:03+00:00\",\"breadcrumb\":{\"@id\":\"https:\/\/roujonlaurent.fr\/index.php\/nos-services\/baes\/#breadcrumb\"},\"inLanguage\":\"fr-FR\",\"potentialAction\":[{\"@type\":\"ReadAction\",\"target\":[\"https:\/\/roujonlaurent.fr\/index.php\/nos-services\/baes\/\"]}]},{\"@type\":\"ImageObject\",\"inLanguage\":\"fr-FR\",\"@id\":\"https:\/\/roujonlaurent.fr\/index.php\/nos-services\/baes\/#primaryimage\",\"url\":\"https:\/\/roujonlaurent.fr\/wp-content\/uploads\/2024\/06\/BAES-scaled-e1717511076896.jpg\",\"contentUrl\":\"https:\/\/roujonlaurent.fr\/wp-content\/uploads\/2024\/06\/BAES-scaled-e1717511076896.jpg\",\"width\":2560,\"height\":1156},{\"@type\":\"BreadcrumbList\",\"@id\":\"https:\/\/roujonlaurent.fr\/index.php\/nos-services\/baes\/#breadcrumb\",\"itemListElement\":[{\"@type\":\"ListItem\",\"position\":1,\"name\":\"Accueil\",\"item\":\"https:\/\/roujonlaurent.fr\/\"},{\"@type\":\"ListItem\",\"position\":2,\"name\":\"Nos Services\",\"item\":\"https:\/\/roujonlaurent.fr\/index.php\/nos-services\/\"},{\"@type\":\"ListItem\",\"position\":3,\"name\":\"BAES\"}]},{\"@type\":\"WebSite\",\"@id\":\"https:\/\/roujonlaurent.fr\/#website\",\"url\":\"https:\/\/roujonlaurent.fr\/\",\"name\":\"SARL ROUJON LAURENT\",\"description\":\"SARL ROUJON LAURENT est une soci\u00e9t\u00e9 sp\u00e9cialis\u00e9 dans les travaux d&#039;installations \u00e9lectriques dans tous types de b\u00e2timents.\",\"publisher\":{\"@id\":\"https:\/\/roujonlaurent.fr\/#organization\"},\"potentialAction\":[{\"@type\":\"SearchAction\",\"target\":{\"@type\":\"EntryPoint\",\"urlTemplate\":\"https:\/\/roujonlaurent.fr\/?s={search_term_string}\"},\"query-input\":{\"@type\":\"PropertyValueSpecification\",\"valueRequired\":true,\"valueName\":\"search_term_string\"}}],\"inLanguage\":\"fr-FR\"},{\"@type\":\"Organization\",\"@id\":\"https:\/\/roujonlaurent.fr\/#organization\",\"name\":\"SARL ROUJON LAURENT\",\"url\":\"https:\/\/roujonlaurent.fr\/\",\"logo\":{\"@type\":\"ImageObject\",\"inLanguage\":\"fr-FR\",\"@id\":\"https:\/\/roujonlaurent.fr\/#\/schema\/logo\/image\/\",\"url\":\"https:\/\/roujonlaurent.fr\/wp-content\/uploads\/2024\/07\/logo-RL-250-250.jpg\",\"contentUrl\":\"https:\/\/roujonlaurent.fr\/wp-content\/uploads\/2024\/07\/logo-RL-250-250.jpg\",\"width\":250,\"height\":219,\"caption\":\"SARL ROUJON LAURENT\"},\"image\":{\"@id\":\"https:\/\/roujonlaurent.fr\/#\/schema\/logo\/image\/\"},\"sameAs\":[\"https:\/\/www.facebook.com\/people\/SARL-Roujon-Laurent\/100064160823756\/\"]}]}<\/script>\n<!-- \/ Yoast SEO plugin. -->","yoast_head_json":{"title":"BAES - SARL ROUJON LAURENT","robots":{"index":"index","follow":"follow","max-snippet":"max-snippet:-1","max-image-preview":"max-image-preview:large","max-video-preview":"max-video-preview:-1"},"canonical":"https:\/\/roujonlaurent.fr\/index.php\/nos-services\/baes\/","og_locale":"fr_FR","og_type":"article","og_title":"BAES - SARL ROUJON LAURENT","og_description":"Bloc Autonome d&rsquo;Eclairage de S\u00e9curit\u00e9 (BAES) Le service de Blocs Autonomes d&rsquo;Eclairage de S\u00e9curit\u00e9 (BAES) fournit une solution d&rsquo;\u00e9clairage de secours autonome dans les b\u00e2timents pour assurer la s\u00e9curit\u00e9 des occupants en cas de coupure de courant.Ces dispositifs sont \u00e9quip\u00e9s de batteries rechargeables qui prennent le relais en cas d&rsquo;urgence, fournissant une source de lumi\u00e8re [&hellip;]","og_url":"https:\/\/roujonlaurent.fr\/index.php\/nos-services\/baes\/","og_site_name":"SARL ROUJON LAURENT","article_publisher":"https:\/\/www.facebook.com\/people\/SARL-Roujon-Laurent\/100064160823756\/","article_modified_time":"2025-09-09T13:30:03+00:00","og_image":[{"url":"https:\/\/roujonlaurent.fr\/wp-content\/uploads\/2024\/06\/BAES-scaled-e1717511076896-1024x462.jpg","type":"","width":"","height":""}],"twitter_card":"summary_large_image","twitter_misc":{"Dur\u00e9e de lecture estim\u00e9e":"1 minute"},"schema":{"@context":"https:\/\/schema.org","@graph":[{"@type":"WebPage","@id":"https:\/\/roujonlaurent.fr\/index.php\/nos-services\/baes\/","url":"https:\/\/roujonlaurent.fr\/index.php\/nos-services\/baes\/","name":"BAES - SARL ROUJON LAURENT","isPartOf":{"@id":"https:\/\/roujonlaurent.fr\/#website"},"primaryImageOfPage":{"@id":"https:\/\/roujonlaurent.fr\/index.php\/nos-services\/baes\/#primaryimage"},"image":{"@id":"https:\/\/roujonlaurent.fr\/index.php\/nos-services\/baes\/#primaryimage"},"thumbnailUrl":"https:\/\/roujonlaurent.fr\/wp-content\/uploads\/2024\/06\/BAES-scaled-e1717511076896-1024x462.jpg","datePublished":"2024-03-26T10:36:57+00:00","dateModified":"2025-09-09T13:30:03+00:00","breadcrumb":{"@id":"https:\/\/roujonlaurent.fr\/index.php\/nos-services\/baes\/#breadcrumb"},"inLanguage":"fr-FR","potentialAction":[{"@type":"ReadAction","target":["https:\/\/roujonlaurent.fr\/index.php\/nos-services\/baes\/"]}]},{"@type":"ImageObject","inLanguage":"fr-FR","@id":"https:\/\/roujonlaurent.fr\/index.php\/nos-services\/baes\/#primaryimage","url":"https:\/\/roujonlaurent.fr\/wp-content\/uploads\/2024\/06\/BAES-scaled-e1717511076896.jpg","contentUrl":"https:\/\/roujonlaurent.fr\/wp-content\/uploads\/2024\/06\/BAES-scaled-e1717511076896.jpg","width":2560,"height":1156},{"@type":"BreadcrumbList","@id":"https:\/\/roujonlaurent.fr\/index.php\/nos-services\/baes\/#breadcrumb","itemListElement":[{"@type":"ListItem","position":1,"name":"Accueil","item":"https:\/\/roujonlaurent.fr\/"},{"@type":"ListItem","position":2,"name":"Nos Services","item":"https:\/\/roujonlaurent.fr\/index.php\/nos-services\/"},{"@type":"ListItem","position":3,"name":"BAES"}]},{"@type":"WebSite","@id":"https:\/\/roujonlaurent.fr\/#website","url":"https:\/\/roujonlaurent.fr\/","name":"SARL ROUJON LAURENT","description":"SARL ROUJON LAURENT est une soci\u00e9t\u00e9 sp\u00e9cialis\u00e9 dans les travaux d&#039;installations \u00e9lectriques dans tous types de b\u00e2timents.","publisher":{"@id":"https:\/\/roujonlaurent.fr\/#organization"},"potentialAction":[{"@type":"SearchAction","target":{"@type":"EntryPoint","urlTemplate":"https:\/\/roujonlaurent.fr\/?s={search_term_string}"},"query-input":{"@type":"PropertyValueSpecification","valueRequired":true,"valueName":"search_term_string"}}],"inLanguage":"fr-FR"},{"@type":"Organization","@id":"https:\/\/roujonlaurent.fr\/#organization","name":"SARL ROUJON LAURENT","url":"https:\/\/roujonlaurent.fr\/","logo":{"@type":"ImageObject","inLanguage":"fr-FR","@id":"https:\/\/roujonlaurent.fr\/#\/schema\/logo\/image\/","url":"https:\/\/roujonlaurent.fr\/wp-content\/uploads\/2024\/07\/logo-RL-250-250.jpg","contentUrl":"https:\/\/roujonlaurent.fr\/wp-content\/uploads\/2024\/07\/logo-RL-250-250.jpg","width":250,"height":219,"caption":"SARL ROUJON LAURENT"},"image":{"@id":"https:\/\/roujonlaurent.fr\/#\/schema\/logo\/image\/"},"sameAs":["https:\/\/www.facebook.com\/people\/SARL-Roujon-Laurent\/100064160823756\/"]}]}},"_links":{"self":[{"href":"https:\/\/roujonlaurent.fr\/index.php\/wp-json\/wp\/v2\/pages\/1177","targetHints":{"allow":["GET"]}}],"collection":[{"href":"https:\/\/roujonlaurent.fr\/index.php\/wp-json\/wp\/v2\/pages"}],"about":[{"href":"https:\/\/roujonlaurent.fr\/index.php\/wp-json\/wp\/v2\/types\/page"}],"author":[{"embeddable":true,"href":"https:\/\/roujonlaurent.fr\/index.php\/wp-json\/wp\/v2\/users\/1"}],"replies":[{"embeddable":true,"href":"https:\/\/roujonlaurent.fr\/index.php\/wp-json\/wp\/v2\/comments?post=1177"}],"version-history":[{"count":74,"href":"https:\/\/roujonlaurent.fr\/index.php\/wp-json\/wp\/v2\/pages\/1177\/revisions"}],"predecessor-version":[{"id":3771,"href":"https:\/\/roujonlaurent.fr\/index.php\/wp-json\/wp\/v2\/pages\/1177\/revisions\/3771"}],"up":[{"embeddable":true,"href":"https:\/\/roujonlaurent.fr\/index.php\/wp-json\/wp\/v2\/pages\/439"}],"wp:attachment":[{"href":"https:\/\/roujonlaurent.fr\/index.php\/wp-json\/wp\/v2\/media?parent=1177"}],"curies":[{"name":"wp","href":"https:\/\/api.w.org\/{rel}","templated":true}]}}